{"id":546,"date":"2024-10-08T03:21:17","date_gmt":"2024-10-08T03:21:17","guid":{"rendered":"https:\/\/www.moksha-bio.com\/?post_type=product&#038;p=546"},"modified":"2025-02-08T08:33:37","modified_gmt":"2025-02-08T08:33:37","slug":"anti-aging-and-wrinkle-removing-luxury-liquid-crystal-cream","status":"publish","type":"product","link":"https:\/\/www.moksha-bio.com\/fr\/produit\/anti-aging-and-wrinkle-removing-luxury-liquid-crystal-cream\/","title":{"rendered":"Anti-aging and Wrinkle-Removing Luxury Liquid Crystal Cream-Moksha"},"content":{"rendered":"<p>The moisturizing cream texture is rich in sea fennel callus cell extract, spilanthus extract, and 5-peptide, which can fight wrinkles and firm, nourish and moisturize the skin, accelerate cell renewal, fight aging layer by layer, repair expression lines, quickly inhibit dynamic fine lines, and regulate epidermal microecology.<\/p>\n<p>Efficacy: anti-wrinkle, firming, moisturizing, repairing<\/p>\n<p>Main ingredients: sea fennel stem cells, spilanthus extract, ergothioneine, white pondweed seed oil<\/p>","protected":false},"excerpt":{"rendered":"<p>La cr\u00e8me \u00e0 cristaux liquides anti-\u00e2ge et antirides de luxe peut lutter contre le vieillissement et nourrir intens\u00e9ment la peau ! Cette cr\u00e8me utilise un syst\u00e8me d'\u00e9mulsification \u00e0 cristaux liquides sp\u00e9cialement d\u00e9velopp\u00e9, une deuxi\u00e8me couche de protection cutan\u00e9e \u00ab bionique \u00bb, une lib\u00e9ration et une p\u00e9n\u00e9tration lentes et un soin cutan\u00e9 efficace.<\/p>","protected":false},"featured_media":1309,"comment_status":"open","ping_status":"closed","template":"","meta":[],"product_brand":[],"product_cat":[27,25,24],"product_tag":[],"class_list":{"0":"post-546","1":"product","2":"type-product","3":"status-publish","4":"has-post-thumbnail","6":"product_cat-age-free-and-wrinkle-free-luxury-liquid-crystal-cream","7":"product_cat-facial-cream","8":"product_cat-skin-care","10":"first","11":"instock","12":"shipping-taxable","13":"purchasable","14":"product-type-simple"},"_links":{"self":[{"href":"https:\/\/www.moksha-bio.com\/fr\/wp-json\/wp\/v2\/product\/546","targetHints":{"allow":["GET"]}}],"collection":[{"href":"https:\/\/www.moksha-bio.com\/fr\/wp-json\/wp\/v2\/product"}],"about":[{"href":"https:\/\/www.moksha-bio.com\/fr\/wp-json\/wp\/v2\/types\/product"}],"replies":[{"embeddable":true,"href":"https:\/\/www.moksha-bio.com\/fr\/wp-json\/wp\/v2\/comments?post=546"}],"wp:featuredmedia":[{"embeddable":true,"href":"https:\/\/www.moksha-bio.com\/fr\/wp-json\/wp\/v2\/media\/1309"}],"wp:attachment":[{"href":"https:\/\/www.moksha-bio.com\/fr\/wp-json\/wp\/v2\/media?parent=546"}],"wp:term":[{"taxonomy":"product_brand","embeddable":true,"href":"https:\/\/www.moksha-bio.com\/fr\/wp-json\/wp\/v2\/product_brand?post=546"},{"taxonomy":"product_cat","embeddable":true,"href":"https:\/\/www.moksha-bio.com\/fr\/wp-json\/wp\/v2\/product_cat?post=546"},{"taxonomy":"product_tag","embeddable":true,"href":"https:\/\/www.moksha-bio.com\/fr\/wp-json\/wp\/v2\/product_tag?post=546"}],"curies":[{"name":"wp","href":"https:\/\/api.w.org\/{rel}","templated":true}]}}