{"id":1573,"date":"2025-01-08T02:39:11","date_gmt":"2025-01-08T02:39:11","guid":{"rendered":"https:\/\/www.moksha-bio.com\/?post_type=product&#038;p=1573"},"modified":"2025-01-08T06:12:46","modified_gmt":"2025-01-08T06:12:46","slug":"aloe-vera-black-tea-repairing-sleeping-mask-moksha","status":"publish","type":"product","link":"https:\/\/www.moksha-bio.com\/fr\/produit\/aloe-vera-black-tea-repairing-sleeping-mask-moksha\/","title":{"rendered":"Masque de nuit r\u00e9parateur au th\u00e9 noir et \u00e0 l'aloe vera - Moksha"},"content":{"rendered":"<p>Technologie de double protection<br \/>\nTexture dense de pur\u00e9e de pommes de terre avec un subtil parfum de th\u00e9 rouge.<\/p>\n<p><strong>Argument de vente cl\u00e9\u00a0:<\/strong>\u00a0Hydratation au th\u00e9 rouge, au secours des peaux fatigu\u00e9es.<\/p>","protected":false},"excerpt":{"rendered":"<p>Technologie de double protection<br \/>\nTexture dense de pur\u00e9e de pommes de terre avec un subtil parfum de th\u00e9 rouge.<\/p>\n<p><strong>Argument de vente cl\u00e9\u00a0:<\/strong>\u00a0Hydratation au th\u00e9 rouge, au secours des peaux fatigu\u00e9es.<\/p>","protected":false},"featured_media":1595,"comment_status":"open","ping_status":"closed","template":"","meta":[],"product_brand":[],"product_cat":[59],"product_tag":[],"class_list":{"0":"post-1573","1":"product","2":"type-product","3":"status-publish","4":"has-post-thumbnail","6":"product_cat-cream-mask","8":"first","9":"instock","10":"shipping-taxable","11":"product-type-simple"},"_links":{"self":[{"href":"https:\/\/www.moksha-bio.com\/fr\/wp-json\/wp\/v2\/product\/1573","targetHints":{"allow":["GET"]}}],"collection":[{"href":"https:\/\/www.moksha-bio.com\/fr\/wp-json\/wp\/v2\/product"}],"about":[{"href":"https:\/\/www.moksha-bio.com\/fr\/wp-json\/wp\/v2\/types\/product"}],"replies":[{"embeddable":true,"href":"https:\/\/www.moksha-bio.com\/fr\/wp-json\/wp\/v2\/comments?post=1573"}],"wp:featuredmedia":[{"embeddable":true,"href":"https:\/\/www.moksha-bio.com\/fr\/wp-json\/wp\/v2\/media\/1595"}],"wp:attachment":[{"href":"https:\/\/www.moksha-bio.com\/fr\/wp-json\/wp\/v2\/media?parent=1573"}],"wp:term":[{"taxonomy":"product_brand","embeddable":true,"href":"https:\/\/www.moksha-bio.com\/fr\/wp-json\/wp\/v2\/product_brand?post=1573"},{"taxonomy":"product_cat","embeddable":true,"href":"https:\/\/www.moksha-bio.com\/fr\/wp-json\/wp\/v2\/product_cat?post=1573"},{"taxonomy":"product_tag","embeddable":true,"href":"https:\/\/www.moksha-bio.com\/fr\/wp-json\/wp\/v2\/product_tag?post=1573"}],"curies":[{"name":"wp","href":"https:\/\/api.w.org\/{rel}","templated":true}]}}