{"id":1554,"date":"2025-01-04T07:31:45","date_gmt":"2025-01-04T07:31:45","guid":{"rendered":"https:\/\/www.moksha-bio.com\/?post_type=product&#038;p=1554"},"modified":"2025-01-04T07:31:45","modified_gmt":"2025-01-04T07:31:45","slug":"anhydrous-essence-anti-wrinkle-firming-luxury-eye-cream-07c24031831a-z%ef%bc%89-moksha","status":"publish","type":"product","link":"https:\/\/www.moksha-bio.com\/fr\/produit\/anhydrous-essence-anti-wrinkle-firming-luxury-eye-cream-07c24031831a-z%ef%bc%89-moksha\/","title":{"rendered":"Cr\u00e8me contour des yeux de luxe raffermissante anti-rides \u00e0 l'essence anhydre (07C24031831A-Z\uff09-MOKSHA"},"content":{"rendered":"<p><strong>Argument de vente<\/strong>: &#8220;Precise Repair of Multiple Eye Area Problems, Reverses the Signs of Aging Around the Eyes&#8221;<\/p>","protected":false},"excerpt":{"rendered":"<ul>\n<li><strong>Raffermissement et remodelage<\/strong>:Le bakuchiol comble les lacunes de collag\u00e8ne dans le derme et raffermit la peau.<\/li>\n<li><strong>Anti-\u00e2ge et lissage<\/strong>:Truffe Noire + Edelweiss, acc\u00e9l\u00e8re la r\u00e9paration et lisse les rides.<\/li>\n<li><strong>Renforcement des barri\u00e8res<\/strong>:Extrait de r\u00e9glisse, am\u00e9liore la barri\u00e8re cutan\u00e9e et le confort.<\/li>\n<li><strong>Blocage de l'humidit\u00e9<\/strong>: Tr\u00e9halose, Panth\u00e9nol.<\/li>\n<\/ul>","protected":false},"featured_media":1555,"comment_status":"open","ping_status":"closed","template":"","meta":[],"product_brand":[],"product_cat":[53],"product_tag":[],"class_list":{"0":"post-1554","1":"product","2":"type-product","3":"status-publish","4":"has-post-thumbnail","6":"product_cat-eye-cream","8":"first","9":"instock","10":"shipping-taxable","11":"product-type-simple"},"_links":{"self":[{"href":"https:\/\/www.moksha-bio.com\/fr\/wp-json\/wp\/v2\/product\/1554","targetHints":{"allow":["GET"]}}],"collection":[{"href":"https:\/\/www.moksha-bio.com\/fr\/wp-json\/wp\/v2\/product"}],"about":[{"href":"https:\/\/www.moksha-bio.com\/fr\/wp-json\/wp\/v2\/types\/product"}],"replies":[{"embeddable":true,"href":"https:\/\/www.moksha-bio.com\/fr\/wp-json\/wp\/v2\/comments?post=1554"}],"wp:featuredmedia":[{"embeddable":true,"href":"https:\/\/www.moksha-bio.com\/fr\/wp-json\/wp\/v2\/media\/1555"}],"wp:attachment":[{"href":"https:\/\/www.moksha-bio.com\/fr\/wp-json\/wp\/v2\/media?parent=1554"}],"wp:term":[{"taxonomy":"product_brand","embeddable":true,"href":"https:\/\/www.moksha-bio.com\/fr\/wp-json\/wp\/v2\/product_brand?post=1554"},{"taxonomy":"product_cat","embeddable":true,"href":"https:\/\/www.moksha-bio.com\/fr\/wp-json\/wp\/v2\/product_cat?post=1554"},{"taxonomy":"product_tag","embeddable":true,"href":"https:\/\/www.moksha-bio.com\/fr\/wp-json\/wp\/v2\/product_tag?post=1554"}],"curies":[{"name":"wp","href":"https:\/\/api.w.org\/{rel}","templated":true}]}}