{"id":1535,"date":"2025-01-04T03:04:58","date_gmt":"2025-01-04T03:04:58","guid":{"rendered":"https:\/\/www.moksha-bio.com\/?post_type=product&#038;p=1535"},"modified":"2025-01-04T03:04:58","modified_gmt":"2025-01-04T03:04:58","slug":"anti-aging-wrinkle-smoothing-extravagant-liquid-crystal-cream-07c2307048","status":"publish","type":"product","link":"https:\/\/www.moksha-bio.com\/fr\/produit\/anti-aging-wrinkle-smoothing-extravagant-liquid-crystal-cream-07c2307048\/","title":{"rendered":"Cr\u00e8me extravagante \u00e0 cristaux liquides anti-\u00e2ge et anti-rides (07C2307048)"},"content":{"rendered":"<p>\u201c Syst\u00e8me d'\u00e9mulsification \u00e0 cristaux liquides brevet\u00e9 d\u00e9velopp\u00e9 par nos soins<br \/>\nExtrait de cellules cicatrisantes de fenouil marin import\u00e9<br \/>\nToxine botulique d'origine v\u00e9g\u00e9tale \u2013 Extrait de camomille\u201d<br \/>\n<strong>Argument de vente<\/strong>: \u201c Syst\u00e8me d'\u00e9mulsification bionique brevet\u00e9, r\u00e9paration de pr\u00e9cision sur tout le visage pour les rides, l'affaissement et les creux\u201d<\/p>","protected":false},"excerpt":{"rendered":"<p>\u201c Syst\u00e8me d'\u00e9mulsification \u00e0 cristaux liquides brevet\u00e9 d\u00e9velopp\u00e9 par nos soins<br \/>\nExtrait de cellules cicatrisantes de fenouil marin import\u00e9<br \/>\nToxine botulique d'origine v\u00e9g\u00e9tale \u2013 Extrait de camomille\u201d<br \/>\n<strong>Argument de vente<\/strong>: \u201c Syst\u00e8me d'\u00e9mulsification bionique brevet\u00e9, r\u00e9paration de pr\u00e9cision sur tout le visage pour les rides, l'affaissement et les creux\u201d<\/p>","protected":false},"featured_media":1536,"comment_status":"open","ping_status":"closed","template":"","meta":[],"product_brand":[],"product_cat":[25],"product_tag":[],"class_list":{"0":"post-1535","1":"product","2":"type-product","3":"status-publish","4":"has-post-thumbnail","6":"product_cat-facial-cream","8":"first","9":"instock","10":"shipping-taxable","11":"purchasable","12":"product-type-simple"},"_links":{"self":[{"href":"https:\/\/www.moksha-bio.com\/fr\/wp-json\/wp\/v2\/product\/1535","targetHints":{"allow":["GET"]}}],"collection":[{"href":"https:\/\/www.moksha-bio.com\/fr\/wp-json\/wp\/v2\/product"}],"about":[{"href":"https:\/\/www.moksha-bio.com\/fr\/wp-json\/wp\/v2\/types\/product"}],"replies":[{"embeddable":true,"href":"https:\/\/www.moksha-bio.com\/fr\/wp-json\/wp\/v2\/comments?post=1535"}],"wp:featuredmedia":[{"embeddable":true,"href":"https:\/\/www.moksha-bio.com\/fr\/wp-json\/wp\/v2\/media\/1536"}],"wp:attachment":[{"href":"https:\/\/www.moksha-bio.com\/fr\/wp-json\/wp\/v2\/media?parent=1535"}],"wp:term":[{"taxonomy":"product_brand","embeddable":true,"href":"https:\/\/www.moksha-bio.com\/fr\/wp-json\/wp\/v2\/product_brand?post=1535"},{"taxonomy":"product_cat","embeddable":true,"href":"https:\/\/www.moksha-bio.com\/fr\/wp-json\/wp\/v2\/product_cat?post=1535"},{"taxonomy":"product_tag","embeddable":true,"href":"https:\/\/www.moksha-bio.com\/fr\/wp-json\/wp\/v2\/product_tag?post=1535"}],"curies":[{"name":"wp","href":"https:\/\/api.w.org\/{rel}","templated":true}]}}