{"id":1529,"date":"2025-01-04T02:35:38","date_gmt":"2025-01-04T02:35:38","guid":{"rendered":"https:\/\/www.moksha-bio.com\/?post_type=product&#038;p=1529"},"modified":"2025-01-04T02:35:38","modified_gmt":"2025-01-04T02:35:38","slug":"10-5-pro-xylane-thousand-peptide-cream","status":"publish","type":"product","link":"https:\/\/www.moksha-bio.com\/fr\/produit\/10-5-pro-xylane-thousand-peptide-cream\/","title":{"rendered":"Cr\u00e8me aux mille peptides pro-xylane \u00e0 10,5 %"},"content":{"rendered":"<p><strong>Argument de vente<\/strong>: &#8220;Three-dimensional Firming, Reduces Fine Lines, All-around Anti-aging<\/p>","protected":false},"excerpt":{"rendered":"<ul>\n<li>Ajout standard maximum de 5 %, puret\u00e9 \u00e9lev\u00e9e de 99,99 %<\/li>\n<li>Un dosage \u00e9lev\u00e9 de 10,5 % de Bakuchiol \u00ab de niveau sup\u00e9rieur \u00bb, 99,99 % de Bakuchiol solide de configuration S ultra-pur, favorise la production de collag\u00e8ne et am\u00e9liore l'\u00e9lasticit\u00e9 de la peau.<\/li>\n<li>Peptides v\u00e9g\u00e9taux, un anti-\u00e2ge complet<\/li>\n<li>Contient plus de 2000 peptides v\u00e9g\u00e9taux et 5 peptides technologiques majeurs ciblant les principales voies anti-\u00e2ge.<\/li>\n<\/ul>","protected":false},"featured_media":1530,"comment_status":"open","ping_status":"closed","template":"","meta":[],"product_brand":[],"product_cat":[25],"product_tag":[],"class_list":{"0":"post-1529","1":"product","2":"type-product","3":"status-publish","4":"has-post-thumbnail","6":"product_cat-facial-cream","8":"first","9":"instock","10":"shipping-taxable","11":"purchasable","12":"product-type-simple"},"_links":{"self":[{"href":"https:\/\/www.moksha-bio.com\/fr\/wp-json\/wp\/v2\/product\/1529","targetHints":{"allow":["GET"]}}],"collection":[{"href":"https:\/\/www.moksha-bio.com\/fr\/wp-json\/wp\/v2\/product"}],"about":[{"href":"https:\/\/www.moksha-bio.com\/fr\/wp-json\/wp\/v2\/types\/product"}],"replies":[{"embeddable":true,"href":"https:\/\/www.moksha-bio.com\/fr\/wp-json\/wp\/v2\/comments?post=1529"}],"wp:featuredmedia":[{"embeddable":true,"href":"https:\/\/www.moksha-bio.com\/fr\/wp-json\/wp\/v2\/media\/1530"}],"wp:attachment":[{"href":"https:\/\/www.moksha-bio.com\/fr\/wp-json\/wp\/v2\/media?parent=1529"}],"wp:term":[{"taxonomy":"product_brand","embeddable":true,"href":"https:\/\/www.moksha-bio.com\/fr\/wp-json\/wp\/v2\/product_brand?post=1529"},{"taxonomy":"product_cat","embeddable":true,"href":"https:\/\/www.moksha-bio.com\/fr\/wp-json\/wp\/v2\/product_cat?post=1529"},{"taxonomy":"product_tag","embeddable":true,"href":"https:\/\/www.moksha-bio.com\/fr\/wp-json\/wp\/v2\/product_tag?post=1529"}],"curies":[{"name":"wp","href":"https:\/\/api.w.org\/{rel}","templated":true}]}}