{"id":1463,"date":"2024-12-25T06:17:33","date_gmt":"2024-12-25T06:17:33","guid":{"rendered":"https:\/\/www.moksha-bio.com\/?post_type=product&#038;p=1463"},"modified":"2024-12-25T06:17:33","modified_gmt":"2024-12-25T06:17:33","slug":"amino-acid-colloidal-sulfur-pore","status":"publish","type":"product","link":"https:\/\/www.moksha-bio.com\/fr\/produit\/amino-acid-colloidal-sulfur-pore\/","title":{"rendered":"Acide amin\u00e9 Soufre collo\u00efdal Pore"},"content":{"rendered":"<p>Nettoyant unique \u00e0 double tube pour nettoyer et d\u00e9maquiller en une seule \u00e9tape.<\/p>\n<ol>\n<li><strong>Nettoyage en profondeur et purification des pores :<\/strong>Contient de l'argile kaolin et de la boue des glaciers canadiens pour une purification en profondeur.<\/li>\n<li><strong>Contr\u00f4le du s\u00e9bum et resserrement des pores :<\/strong>Zinc PCA et soufre collo\u00efdal pour un meilleur contr\u00f4le de l'huile.<\/li>\n<li><strong>Nettoyage doux et \u00e9quilibr\u00e9 :<\/strong>Contient du lysat de fermentation Bifida et 15 types d'acides amin\u00e9s pour un lavage r\u00e9p\u00e9t\u00e9 non dess\u00e9chant.<\/li>\n<\/ol>","protected":false},"excerpt":{"rendered":"<p>Nettoyant unique \u00e0 double tube pour nettoyer et d\u00e9maquiller en une seule \u00e9tape.<\/p>\n<ol>\n<li><strong>Nettoyage en profondeur et purification des pores :<\/strong>Contient de l'argile kaolin et de la boue des glaciers canadiens pour une purification en profondeur.<\/li>\n<li><strong>Contr\u00f4le du s\u00e9bum et resserrement des pores :<\/strong>Zinc PCA et soufre collo\u00efdal pour un meilleur contr\u00f4le de l'huile.<\/li>\n<li><strong>Nettoyage doux et \u00e9quilibr\u00e9 :<\/strong>Contient du lysat de fermentation Bifida et 15 types d'acides amin\u00e9s pour un lavage r\u00e9p\u00e9t\u00e9 non dess\u00e9chant.<\/li>\n<\/ol>","protected":false},"featured_media":1464,"comment_status":"open","ping_status":"closed","template":"","meta":[],"product_brand":[],"product_cat":[47],"product_tag":[],"class_list":{"0":"post-1463","1":"product","2":"type-product","3":"status-publish","4":"has-post-thumbnail","6":"product_cat-facial-cleanser","8":"first","9":"instock","10":"shipping-taxable","11":"purchasable","12":"product-type-simple"},"_links":{"self":[{"href":"https:\/\/www.moksha-bio.com\/fr\/wp-json\/wp\/v2\/product\/1463","targetHints":{"allow":["GET"]}}],"collection":[{"href":"https:\/\/www.moksha-bio.com\/fr\/wp-json\/wp\/v2\/product"}],"about":[{"href":"https:\/\/www.moksha-bio.com\/fr\/wp-json\/wp\/v2\/types\/product"}],"replies":[{"embeddable":true,"href":"https:\/\/www.moksha-bio.com\/fr\/wp-json\/wp\/v2\/comments?post=1463"}],"wp:featuredmedia":[{"embeddable":true,"href":"https:\/\/www.moksha-bio.com\/fr\/wp-json\/wp\/v2\/media\/1464"}],"wp:attachment":[{"href":"https:\/\/www.moksha-bio.com\/fr\/wp-json\/wp\/v2\/media?parent=1463"}],"wp:term":[{"taxonomy":"product_brand","embeddable":true,"href":"https:\/\/www.moksha-bio.com\/fr\/wp-json\/wp\/v2\/product_brand?post=1463"},{"taxonomy":"product_cat","embeddable":true,"href":"https:\/\/www.moksha-bio.com\/fr\/wp-json\/wp\/v2\/product_cat?post=1463"},{"taxonomy":"product_tag","embeddable":true,"href":"https:\/\/www.moksha-bio.com\/fr\/wp-json\/wp\/v2\/product_tag?post=1463"}],"curies":[{"name":"wp","href":"https:\/\/api.w.org\/{rel}","templated":true}]}}