{"id":1382,"date":"2026-01-21T10:43:41","date_gmt":"2026-01-21T02:43:41","guid":{"rendered":"https:\/\/www.moksha-bio.com\/?page_id=1382"},"modified":"2026-01-21T10:43:41","modified_gmt":"2026-01-21T02:43:41","slug":"download","status":"publish","type":"page","link":"https:\/\/www.moksha-bio.com\/fr\/download\/","title":{"rendered":"T\u00e9l\u00e9charger"},"content":{"rendered":"<script>\n        jQuery(function($){\n\n            var __dt = $('#wpdmmydls-4b0f7ce2f8ba84a9dcb0861c7d2841cc').dataTable({\n                \"dom\": '<\"wpdmdt-toolbar\"lfrB>t<\"wpdmdt-toolbarb\"ip>',\n                responsive: true,\n                \"order\": [[ 0, \"asc\" ]],\n                \"language\": {\n                    \"lengthMenu\": \"Afficher _MENU_ t\u00e9l\u00e9chargements par page\",\n                    \"zeroRecords\": \"Aucun paquet trouv\u00e9\",\n                    \"info\": \"Affichage des t\u00e9l\u00e9chargements _START_ \u00e0 _END_ sur _TOTAL_ t\u00e9l\u00e9chargements\",\n                    \"infoEmpty\": \"Aucun t\u00e9l\u00e9chargement disponible\",\n                    \"infoFiltered\": \"(filtr\u00e9s sur un total de _MAX_ t\u00e9l\u00e9chargements)\",\n                    \"emptyTable\":     \"Aucune donn\u00e9e disponible\",\n                    \"infoPostFix\":    \"\",\n                    \"thousands\":      \",\",\n                    \"loadingRecords\": \"Chargement en cours\u2026\",\n                    \"processing\":     \"En cours de traitement\u2026\",\n                    \"search\":         \"Rechercher\u00a0:\",\n                    \"paginate\": {\n                        \"first\":      \"Premier\",\n                        \"last\":       \"Dernier\",\n                        \"next\":       \"Suivant\",\n                        \"previous\":   \"Pr\u00e9c\u00e9dent\"\n                    },\n                    \"aria\": {\n                        \"sortAscending\":  \" : activer pour trier la colonne par ordre croissant\",\n                        \"sortDescending\": \": activer pour trier la colonne par ordre d\u00e9croissant\"\n                    }\n                },\n                \"iDisplayLength\": 20,\n                \"aLengthMenu\": [[20, 10, 25, 50, -1], [20, 10, 25, 50, \"Tout\"]]\n            });\n\n                    });\n    <\/script>\n<style>\n    .wpdmdt-toolbar {\n        padding: 10px;\n    }\n    .wpdmdt-toolbarb {\n        padding: 5px 10px 10px;\n    }\n    .wpdmdt-toolbar > div {\n        display: inline-block;\n    }\n    table,td,th{\n        border: 0;\n    }\n    #wpdm-all-packages .card{\n        overflow: hidden;\n    }\n    .dataTables_wrapper .table{\n        margin: 0;\n    }\n    #wpdmmydls-4b0f7ce2f8ba84a9dcb0861c7d2841cc{\n        border-bottom: 1px solid #dddddd;\n        border-top: 1px solid #dddddd;\n        font-size: 10pt;\n        min-width: 100%;\n    }\n    #wpdmmydls-4b0f7ce2f8ba84a9dcb0861c7d2841cc .wpdm-download-link img{\n        box-shadow: none !important;\n        max-width: 100%;\n    }\n    .w3eden .pagination{\n        margin: 0 !important;\n    }\n    #wpdmmydls-4b0f7ce2f8ba84a9dcb0861c7d2841cc td:not(:first-child){\n        vertical-align: middle !important;\n    }\n    #wpdmmydls-4b0f7ce2f8ba84a9dcb0861c7d2841cc td.__dt_col_download_link .btn{\n        display: flex;\n        width: 100%;\n    }\n    #wpdmmydls-4b0f7ce2f8ba84a9dcb0861c7d2841cc td.__dt_col_download_link,\n    #wpdmmydls-4b0f7ce2f8ba84a9dcb0861c7d2841cc th#download_link{\n        max-width: 155px !important;\n        width: 155px;\n\n    }\n    #wpdmmydls-4b0f7ce2f8ba84a9dcb0861c7d2841cc th{\n        background-color: rgba(0,0,0,0.04);\n        border-bottom: 1px solid rgba(0,0,0,0.025);\n    }\n    #wpdmmydls-4b0f7ce2f8ba84a9dcb0861c7d2841cc_length label,\n    #wpdmmydls-4b0f7ce2f8ba84a9dcb0861c7d2841cc_filter label{\n        font-weight: 400;\n    }\n    #wpdmmydls-4b0f7ce2f8ba84a9dcb0861c7d2841cc_filter input[type=search]{\n        display: inline-block;\n        width: 200px;\n    }\n    #wpdmmydls-4b0f7ce2f8ba84a9dcb0861c7d2841cc_length select{\n        display: inline-block;\n        width: 60px;\n    }\n\n    #wpdmmydls-4b0f7ce2f8ba84a9dcb0861c7d2841cc .package-title{\n        color:#36597C;\n        font-size: 11pt;\n        font-weight: 700;\n    }\n    #wpdmmydls-4b0f7ce2f8ba84a9dcb0861c7d2841cc .small-txt{\n        margin-right: 7px;\n    }\n    #wpdmmydls-4b0f7ce2f8ba84a9dcb0861c7d2841cc td{\n        min-width: 150px;\n    }\n\n    #wpdmmydls-4b0f7ce2f8ba84a9dcb0861c7d2841cc td.__dt_col_categories{\n        max-width: 300px;\n    }\n\n    #wpdmmydls-4b0f7ce2f8ba84a9dcb0861c7d2841cc .small-txt,\n    #wpdmmydls-4b0f7ce2f8ba84a9dcb0861c7d2841cc small{\n        font-size: 9pt;\n    }\n    .w3eden .table-striped tbody tr:nth-of-type(2n+1) {\n        background-color: rgba(0,0,0,0.015);\n    }\n    .dataTables_wrapper .dataTables_paginate .paginate_button:active,\n    .dataTables_wrapper .dataTables_paginate .paginate_button:focus,\n    .dataTables_wrapper .dataTables_paginate .paginate_button:hover,\n    .dataTables_wrapper .dataTables_paginate .paginate_button{\n        margin: 0 !important;\n        padding: 0 !important;\n        border: 0 !important;\n        background: transparent !important;\n    }\n\n\n    @media (max-width: 799px) {\n        #wpdmmydls-4b0f7ce2f8ba84a9dcb0861c7d2841cc tr {\n            display: block;\n            border: 3px solid rgba(0,0,0,0.3) !important;\n            margin-bottom: 10px !important;\n            position: relative;\n        }\n        #wpdmmydls-4b0f7ce2f8ba84a9dcb0861c7d2841cc thead{\n            display: none;\n        }\n        #wpdmmydls-4b0f7ce2f8ba84a9dcb0861c7d2841cc,\n        #wpdmmydls-4b0f7ce2f8ba84a9dcb0861c7d2841cc td:first-child {\n            border: 0 !important;\n        }\n        #wpdmmydls-4b0f7ce2f8ba84a9dcb0861c7d2841cc td {\n            display: block;\n        }\n        #wpdmmydls-4b0f7ce2f8ba84a9dcb0861c7d2841cc td.__dt_col_download_link {\n            display: block;\n            max-width: 100% !important;\n            width: auto !important;\n\n        }\n    }\n\n\n<\/style>\n<div class=\"w3eden\">\n    <div id=\"wpdm-all-packages\">\n        <table id=\"wpdmmydls-4b0f7ce2f8ba84a9dcb0861c7d2841cc\" class=\"table table-striped wpdm-all-packages-table\">\n            <thead>\n            <tr>\n                                <th style=\"\"  id=\"pagelink\" class=\"\">Titre<\/th>\n                                <th style=\"\"  id=\"categories\" class=\"hidden-sm hidden-xs\">Cat\u00e9gories<\/th>\n                                <th style=\"\"  id=\"updatedate\" class=\"hidden-sm hidden-xs\">Date de mise \u00e0 jour<\/th>\n                                <th style=\"\"  id=\"downloadlink\" class=\"hidden-sm hidden-xs\">T\u00e9l\u00e9charger<\/th>\n                \n            <\/tr>\n            <\/thead>\n            <tbody>\n            \n                    <tr class=\"__dt_row\">\n                                                <td  class=\"__dt_col_0 __dt_col __dt_col_page_link\" style=\"background-image: url('https:\/\/www.moksha-bio.com\/wp-content\/plugins\/download-manager\/assets\/file-type-icons\/pdf.svg');background-size: 36px;background-position: 5px 8px;background-repeat:  no-repeat;padding-left: 52px;line-height: normal;\">\n                            <a class=\"package-title\" href='https:\/\/www.moksha-bio.com\/fr\/download\/product-catalogue-russian-2025-09-30\/'>Product Catalogue Russian 2025.09.30<\/a><br\/><span class='__dt_file_count small-txt'>1<\/span><span class='__dt_download_count small-txt'><i class=\"far fa-arrow-alt-circle-down\"><\/i> 4 t\u00e9l\u00e9chargements<\/span><div class=\"hidden-md hidden-lg td-mobile\"><\/div>\n\n                        <\/td>\n                                                <td  class=\"__dt_col_1 __dt_col __dt_col_categories\" >\n                            <span class='__dt_categories'><\/span>\n\n                        <\/td>\n                                                <td  data-order=\"1759795200\"  class=\"__dt_col_2 __dt_col __dt_col_update_date\" >\n                            <span class='__dt_update_date'>octobre 7, 2025<\/span>\n\n                        <\/td>\n                                                <td  class=\"__dt_col_3 __dt_col __dt_col_download_link\" >\n                            <a class='wpdm-download-link download-on-click btn btn-primary' rel='nofollow' href='#' data-downloadurl=\"https:\/\/www.moksha-bio.com\/fr\/download\/product-catalogue-russian-2025-09-30\/?wpdmdl=1783&refresh=69ddd9129b18e1776146706\">T\u00e9l\u00e9charger<\/a>\n\n                        <\/td>\n                        \n                    <\/tr>\n                \n                    <tr class=\"__dt_row\">\n                                                <td  class=\"__dt_col_0 __dt_col __dt_col_page_link\" style=\"background-image: url('https:\/\/www.moksha-bio.com\/wp-content\/plugins\/download-manager\/assets\/file-type-icons\/pdf.svg');background-size: 36px;background-position: 5px 8px;background-repeat:  no-repeat;padding-left: 52px;line-height: normal;\">\n                            <a class=\"package-title\" href='https:\/\/www.moksha-bio.com\/fr\/download\/product-catalogue-english-2025-09-30\/'>Product Catalogue English 2025.09.30<\/a><br\/><span class='__dt_file_count small-txt'>1<\/span><span class='__dt_download_count small-txt'><i class=\"far fa-arrow-alt-circle-down\"><\/i> 10 t\u00e9l\u00e9chargements<\/span><div class=\"hidden-md hidden-lg td-mobile\"><\/div>\n\n                        <\/td>\n                                                <td  class=\"__dt_col_1 __dt_col __dt_col_categories\" >\n                            <span class='__dt_categories'><\/span>\n\n                        <\/td>\n                                                <td  data-order=\"1759795200\"  class=\"__dt_col_2 __dt_col __dt_col_update_date\" >\n                            <span class='__dt_update_date'>octobre 7, 2025<\/span>\n\n                        <\/td>\n                                                <td  class=\"__dt_col_3 __dt_col __dt_col_download_link\" >\n                            <a class='wpdm-download-link download-on-click btn btn-primary' rel='nofollow' href='#' data-downloadurl=\"https:\/\/www.moksha-bio.com\/fr\/download\/product-catalogue-english-2025-09-30\/?wpdmdl=1780&refresh=69ddd9129db8f1776146706\">T\u00e9l\u00e9charger<\/a>\n\n                        <\/td>\n                        \n                    <\/tr>\n                \n                    <tr class=\"__dt_row\">\n                                                <td  class=\"__dt_col_0 __dt_col __dt_col_page_link\" style=\"background-image: url('https:\/\/www.moksha-bio.com\/wp-content\/plugins\/download-manager\/assets\/file-type-icons\/pdf.svg');background-size: 36px;background-position: 5px 8px;background-repeat:  no-repeat;padding-left: 52px;line-height: normal;\">\n                            <a class=\"package-title\" href='https:\/\/www.moksha-bio.com\/fr\/download\/product-catalogue-arabic-2025-09-30\/'>Product Catalogue Arabic 2025.09.30<\/a><br\/><span class='__dt_file_count small-txt'>1<\/span><span class='__dt_download_count small-txt'><i class=\"far fa-arrow-alt-circle-down\"><\/i> 8 t\u00e9l\u00e9chargements<\/span><div class=\"hidden-md hidden-lg td-mobile\"><\/div>\n\n                        <\/td>\n                                                <td  class=\"__dt_col_1 __dt_col __dt_col_categories\" >\n                            <span class='__dt_categories'><\/span>\n\n                        <\/td>\n                                                <td  data-order=\"1759795200\"  class=\"__dt_col_2 __dt_col __dt_col_update_date\" >\n                            <span class='__dt_update_date'>octobre 7, 2025<\/span>\n\n                        <\/td>\n                                                <td  class=\"__dt_col_3 __dt_col __dt_col_download_link\" >\n                            <a class='wpdm-download-link download-on-click btn btn-primary' rel='nofollow' href='#' data-downloadurl=\"https:\/\/www.moksha-bio.com\/fr\/download\/product-catalogue-arabic-2025-09-30\/?wpdmdl=1777&refresh=69ddd912a05311776146706\">T\u00e9l\u00e9charger<\/a>\n\n                        <\/td>\n                        \n                    <\/tr>\n                \n                    <tr class=\"__dt_row\">\n                                                <td  class=\"__dt_col_0 __dt_col __dt_col_page_link\" style=\"background-image: url('https:\/\/www.moksha-bio.com\/wp-content\/plugins\/download-manager\/assets\/file-type-icons\/pdf.svg');background-size: 36px;background-position: 5px 8px;background-repeat:  no-repeat;padding-left: 52px;line-height: normal;\">\n                            <a class=\"package-title\" href='https:\/\/www.moksha-bio.com\/fr\/download\/product-catalogue-indonesian-2025-09-30\/'>Product Catalogue Indonesian 2025.09.30<\/a><br\/><span class='__dt_file_count small-txt'>1<\/span><span class='__dt_download_count small-txt'><i class=\"far fa-arrow-alt-circle-down\"><\/i> 10 t\u00e9l\u00e9chargements<\/span><div class=\"hidden-md hidden-lg td-mobile\"><\/div>\n\n                        <\/td>\n                                                <td  class=\"__dt_col_1 __dt_col __dt_col_categories\" >\n                            <span class='__dt_categories'><\/span>\n\n                        <\/td>\n                                                <td  data-order=\"1759795200\"  class=\"__dt_col_2 __dt_col __dt_col_update_date\" >\n                            <span class='__dt_update_date'>octobre 7, 2025<\/span>\n\n                        <\/td>\n                                                <td  class=\"__dt_col_3 __dt_col __dt_col_download_link\" >\n                            <a class='wpdm-download-link download-on-click btn btn-primary' rel='nofollow' href='#' data-downloadurl=\"https:\/\/www.moksha-bio.com\/fr\/download\/product-catalogue-indonesian-2025-09-30\/?wpdmdl=1775&refresh=69ddd912a30391776146706\">T\u00e9l\u00e9charger<\/a>\n\n                        <\/td>\n                        \n                    <\/tr>\n                \n                    <tr class=\"__dt_row\">\n                                                <td  class=\"__dt_col_0 __dt_col __dt_col_page_link\" style=\"background-image: url('https:\/\/www.moksha-bio.com\/wp-content\/plugins\/download-manager\/assets\/file-type-icons\/pdf.svg');background-size: 36px;background-position: 5px 8px;background-repeat:  no-repeat;padding-left: 52px;line-height: normal;\">\n                            <a class=\"package-title\" href='https:\/\/www.moksha-bio.com\/fr\/download\/25-year-exhibition-product-catalog\/'>25-year exhibition product catalog-2025.09.30<\/a><br\/><span class='__dt_file_count small-txt'>1<\/span><span class='__dt_download_count small-txt'><i class=\"far fa-arrow-alt-circle-down\"><\/i> 10 t\u00e9l\u00e9chargements<\/span><div class=\"hidden-md hidden-lg td-mobile\"><\/div>\n\n                        <\/td>\n                                                <td  class=\"__dt_col_1 __dt_col __dt_col_categories\" >\n                            <span class='__dt_categories'><\/span>\n\n                        <\/td>\n                                                <td  data-order=\"1768780800\"  class=\"__dt_col_2 __dt_col __dt_col_update_date\" >\n                            <span class='__dt_update_date'>janvier 19, 2026<\/span>\n\n                        <\/td>\n                                                <td  class=\"__dt_col_3 __dt_col __dt_col_download_link\" >\n                            <a class='wpdm-download-link download-on-click btn btn-primary' rel='nofollow' href='#' data-downloadurl=\"https:\/\/www.moksha-bio.com\/fr\/download\/25-year-exhibition-product-catalog\/?wpdmdl=1771&refresh=69ddd912aa4ad1776146706\">T\u00e9l\u00e9charger<\/a>\n\n                        <\/td>\n                        \n                    <\/tr>\n                \n                    <tr class=\"__dt_row\">\n                                                <td  class=\"__dt_col_0 __dt_col __dt_col_page_link\" style=\"background-image: url('https:\/\/www.moksha-bio.com\/wp-content\/plugins\/download-manager\/assets\/file-type-icons\/pdf.svg');background-size: 36px;background-position: 5px 8px;background-repeat:  no-repeat;padding-left: 52px;line-height: normal;\">\n                            <a class=\"package-title\" href='https:\/\/www.moksha-bio.com\/fr\/download\/new-product-recommendations\/'>New Product Recommendations<\/a><br\/><span class='__dt_file_count small-txt'>1<\/span><span class='__dt_download_count small-txt'><i class=\"far fa-arrow-alt-circle-down\"><\/i> 7 t\u00e9l\u00e9chargements<\/span><div class=\"hidden-md hidden-lg td-mobile\"><\/div>\n\n                        <\/td>\n                                                <td  class=\"__dt_col_1 __dt_col __dt_col_categories\" >\n                            <span class='__dt_categories'><\/span>\n\n                        <\/td>\n                                                <td  data-order=\"1758844800\"  class=\"__dt_col_2 __dt_col __dt_col_update_date\" >\n                            <span class='__dt_update_date'>septembre 26, 2025<\/span>\n\n                        <\/td>\n                                                <td  class=\"__dt_col_3 __dt_col __dt_col_download_link\" >\n                            <a class='wpdm-download-link download-on-click btn btn-primary' rel='nofollow' href='#' data-downloadurl=\"https:\/\/www.moksha-bio.com\/fr\/download\/new-product-recommendations\/?wpdmdl=1769&refresh=69ddd912acab01776146706\">T\u00e9l\u00e9charger<\/a>\n\n                        <\/td>\n                        \n                    <\/tr>\n                \n                    <tr class=\"__dt_row\">\n                                                <td  class=\"__dt_col_0 __dt_col __dt_col_page_link\" style=\"background-image: url('https:\/\/www.moksha-bio.com\/wp-content\/plugins\/download-manager\/assets\/file-type-icons\/pdf.svg');background-size: 36px;background-position: 5px 8px;background-repeat:  no-repeat;padding-left: 52px;line-height: normal;\">\n                            <a class=\"package-title\" href='https:\/\/www.moksha-bio.com\/fr\/download\/raw-material-catalogue\/'>Raw material catalogue<\/a><br\/><span class='__dt_file_count small-txt'>1<\/span><span class='__dt_download_count small-txt'><i class=\"far fa-arrow-alt-circle-down\"><\/i> 14 t\u00e9l\u00e9chargements<\/span><div class=\"hidden-md hidden-lg td-mobile\"><\/div>\n\n                        <\/td>\n                                                <td  class=\"__dt_col_1 __dt_col __dt_col_categories\" >\n                            <span class='__dt_categories'><\/span>\n\n                        <\/td>\n                                                <td  data-order=\"1741737600\"  class=\"__dt_col_2 __dt_col __dt_col_update_date\" >\n                            <span class='__dt_update_date'>mars 12, 2025<\/span>\n\n                        <\/td>\n                                                <td  class=\"__dt_col_3 __dt_col __dt_col_download_link\" >\n                            <a class='wpdm-download-link download-on-click btn btn-primary' rel='nofollow' href='#' data-downloadurl=\"https:\/\/www.moksha-bio.com\/fr\/download\/raw-material-catalogue\/?wpdmdl=1719&refresh=69ddd912af3551776146706\">T\u00e9l\u00e9charger<\/a>\n\n                        <\/td>\n                        \n                    <\/tr>\n                \n                    <tr class=\"__dt_row\">\n                                                <td  class=\"__dt_col_0 __dt_col __dt_col_page_link\" style=\"background-image: url('https:\/\/www.moksha-bio.com\/wp-content\/plugins\/download-manager\/assets\/file-type-icons\/pdf.svg');background-size: 36px;background-position: 5px 8px;background-repeat:  no-repeat;padding-left: 52px;line-height: normal;\">\n                            <a class=\"package-title\" href='https:\/\/www.moksha-bio.com\/fr\/download\/exhibition-catalogue\/'>Exhibition Catalogue<\/a><br\/><span class='__dt_file_count small-txt'>1<\/span><span class='__dt_download_count small-txt'><i class=\"far fa-arrow-alt-circle-down\"><\/i> 16 t\u00e9l\u00e9chargements<\/span><div class=\"hidden-md hidden-lg td-mobile\"><\/div>\n\n                        <\/td>\n                                                <td  class=\"__dt_col_1 __dt_col __dt_col_categories\" >\n                            <span class='__dt_categories'><\/span>\n\n                        <\/td>\n                                                <td  data-order=\"1741737600\"  class=\"__dt_col_2 __dt_col __dt_col_update_date\" >\n                            <span class='__dt_update_date'>mars 12, 2025<\/span>\n\n                        <\/td>\n                                                <td  class=\"__dt_col_3 __dt_col __dt_col_download_link\" >\n                            <a class='wpdm-download-link download-on-click btn btn-primary' rel='nofollow' href='#' data-downloadurl=\"https:\/\/www.moksha-bio.com\/fr\/download\/exhibition-catalogue\/?wpdmdl=1715&refresh=69ddd912b1bbb1776146706\">T\u00e9l\u00e9charger<\/a>\n\n                        <\/td>\n                        \n                    <\/tr>\n                \n                    <tr class=\"__dt_row\">\n                                                <td  class=\"__dt_col_0 __dt_col __dt_col_page_link\" style=\"background-image: url('https:\/\/www.moksha-bio.com\/wp-content\/plugins\/download-manager\/assets\/file-type-icons\/pdf.svg');background-size: 36px;background-position: 5px 8px;background-repeat:  no-repeat;padding-left: 52px;line-height: normal;\">\n                            <a class=\"package-title\" href='https:\/\/www.moksha-bio.com\/fr\/download\/product-catelog\/'>Catalogue de produits<\/a><br\/><span class='__dt_file_count small-txt'>1<\/span><span class='__dt_download_count small-txt'><i class=\"far fa-arrow-alt-circle-down\"><\/i> 18 t\u00e9l\u00e9chargements<\/span><div class=\"hidden-md hidden-lg td-mobile\"><\/div>\n\n                        <\/td>\n                                                <td  class=\"__dt_col_1 __dt_col __dt_col_categories\" >\n                            <span class='__dt_categories'><\/span>\n\n                        <\/td>\n                                                <td  data-order=\"1734998400\"  class=\"__dt_col_2 __dt_col __dt_col_update_date\" >\n                            <span class='__dt_update_date'>d\u00e9cembre 24, 2024<\/span>\n\n                        <\/td>\n                                                <td  class=\"__dt_col_3 __dt_col __dt_col_download_link\" >\n                            <a class='wpdm-download-link download-on-click btn btn-primary' rel='nofollow' href='#' data-downloadurl=\"https:\/\/www.moksha-bio.com\/fr\/download\/product-catelog\/?wpdmdl=1451&refresh=69ddd912b402f1776146706\">T\u00e9l\u00e9charger<\/a>\n\n                        <\/td>\n                        \n                    <\/tr>\n                \n                    <tr class=\"__dt_row\">\n                                                <td  class=\"__dt_col_0 __dt_col __dt_col_page_link\" style=\"background-image: url('https:\/\/www.moksha-bio.com\/wp-content\/plugins\/download-manager\/assets\/file-type-icons\/pdf.svg');background-size: 36px;background-position: 5px 8px;background-repeat:  no-repeat;padding-left: 52px;line-height: normal;\">\n                            <a class=\"package-title\" href='https:\/\/www.moksha-bio.com\/fr\/download\/company-profile\/'>Profil de l'entreprise<\/a><br\/><span class='__dt_file_count small-txt'>1<\/span><span class='__dt_download_count small-txt'><i class=\"far fa-arrow-alt-circle-down\"><\/i> 12 t\u00e9l\u00e9chargements<\/span><div class=\"hidden-md hidden-lg td-mobile\"><\/div>\n\n                        <\/td>\n                                                <td  class=\"__dt_col_1 __dt_col __dt_col_categories\" >\n                            <span class='__dt_categories'><\/span>\n\n                        <\/td>\n                                                <td  data-order=\"1730764800\"  class=\"__dt_col_2 __dt_col __dt_col_update_date\" >\n                            <span class='__dt_update_date'>novembre 5, 2024<\/span>\n\n                        <\/td>\n                                                <td  class=\"__dt_col_3 __dt_col __dt_col_download_link\" >\n                            <a class='wpdm-download-link download-on-click btn btn-primary' rel='nofollow' href='#' data-downloadurl=\"https:\/\/www.moksha-bio.com\/fr\/download\/company-profile\/?wpdmdl=1387&refresh=69ddd912b62fb1776146706\">T\u00e9l\u00e9charger<\/a>\n\n                        <\/td>\n                        \n                    <\/tr>\n                                        <\/tbody>\n        <\/table>\n\n        <div class='text-center'><ul class='pagination wpdm-pagination pagination-centered text-center'><\/ul><\/div>\n    <\/div>\n<\/div>","protected":false},"excerpt":{"rendered":"Click online preview \u00a0Company Profile","protected":false},"author":1,"featured_media":0,"parent":0,"menu_order":0,"comment_status":"closed","ping_status":"closed","template":"","meta":{"footnotes":""},"class_list":["post-1382","page","type-page","status-publish","hentry"],"_hostinger_reach_plugin_has_subscription_block":false,"_hostinger_reach_plugin_is_elementor":false,"_links":{"self":[{"href":"https:\/\/www.moksha-bio.com\/fr\/wp-json\/wp\/v2\/pages\/1382","targetHints":{"allow":["GET"]}}],"collection":[{"href":"https:\/\/www.moksha-bio.com\/fr\/wp-json\/wp\/v2\/pages"}],"about":[{"href":"https:\/\/www.moksha-bio.com\/fr\/wp-json\/wp\/v2\/types\/page"}],"author":[{"embeddable":true,"href":"https:\/\/www.moksha-bio.com\/fr\/wp-json\/wp\/v2\/users\/1"}],"replies":[{"embeddable":true,"href":"https:\/\/www.moksha-bio.com\/fr\/wp-json\/wp\/v2\/comments?post=1382"}],"version-history":[{"count":3,"href":"https:\/\/www.moksha-bio.com\/fr\/wp-json\/wp\/v2\/pages\/1382\/revisions"}],"predecessor-version":[{"id":1977,"href":"https:\/\/www.moksha-bio.com\/fr\/wp-json\/wp\/v2\/pages\/1382\/revisions\/1977"}],"wp:attachment":[{"href":"https:\/\/www.moksha-bio.com\/fr\/wp-json\/wp\/v2\/media?parent=1382"}],"curies":[{"name":"wp","href":"https:\/\/api.w.org\/{rel}","templated":true}]}}